{"id":42,"date":"2020-08-20T17:50:18","date_gmt":"2020-08-20T17:50:18","guid":{"rendered":"http:\/\/hrcycle.cz\/?page_id=42"},"modified":"2023-05-20T20:15:21","modified_gmt":"2023-05-20T18:15:21","slug":"newsletter","status":"publish","type":"page","link":"https:\/\/hrcycle.cz\/en\/newsletter\/","title":{"rendered":"Monthly Insider"},"content":{"rendered":"<div class=\"fusion-fullwidth fullwidth-box fusion-builder-row-1 fusion-flex-container has-pattern-background has-mask-background nonhundred-percent-fullwidth non-hundred-percent-height-scrolling\" style=\"background-color: rgba(255,255,255,0);background-position: center center;background-repeat: no-repeat;border-width: 0px 0px 0px 0px;border-color:var(--awb-color3);border-style:solid;\" ><div class=\"fusion-builder-row fusion-row fusion-flex-align-items-flex-start\" style=\"max-width:1310.4px;margin-left: calc(-4% \/ 2 );margin-right: calc(-4% \/ 2 );\"><div class=\"fusion-layout-column fusion_builder_column fusion-builder-column-0 fusion_builder_column_1_1 1_1 fusion-flex-column\"><div class=\"fusion-column-wrapper fusion-flex-justify-content-flex-start fusion-content-layout-column\" style=\"background-position:left top;background-repeat:no-repeat;-webkit-background-size:cover;-moz-background-size:cover;-o-background-size:cover;background-size:cover;padding: 20px 0px 20px 0px;\"><div class=\"fusion-text fusion-text-1\"><p>Do you want to receive inspiring business content in your email inbox? If you speak Czech, this is the right newsletter you need.<\/p>\n<p>You can look forward to:<\/p>\n<ul>\n<li>interviews with people from the business environment<\/li>\n<li>practical tips - about development, HR and business<\/li>\n<li>interesting information and trends in the field of working with people<\/li>\n<\/ul>\n<p>We don't spam, neither you nor we like it.<\/p>\n<p>If it's not what you expected, you can unsubscribe at any time.<\/p>\n<p>Are you going with us? If so, just fill in your email.<\/p>\n<div class=\"ms-editor-squiggler\"><\/div>\n<\/div><\/div><style type=\"text\/css\">.fusion-body .fusion-builder-column-0{width:100% !important;margin-top : 20px;margin-bottom : 0px;}.fusion-builder-column-0 > .fusion-column-wrapper {padding-top : 20px !important;padding-right : 0px !important;margin-right : 1.92%;padding-bottom : 20px !important;padding-left : 0px !important;margin-left : 1.92%;}@media only screen and (max-width:1200px) {.fusion-body .fusion-builder-column-0{width:100% !important;order : 0;}.fusion-builder-column-0 > .fusion-column-wrapper {margin-right : 1.92%;margin-left : 1.92%;}}@media only screen and (max-width:640px) {.fusion-body .fusion-builder-column-0{width:100% !important;order : 0;}.fusion-builder-column-0 > .fusion-column-wrapper {margin-right : 1.92%;margin-left : 1.92%;}}<\/style><\/div><div class=\"fusion-layout-column fusion_builder_column fusion-builder-column-1 fusion_builder_column_1_1 1_1 fusion-flex-column\"><div class=\"fusion-column-wrapper fusion-flex-justify-content-flex-start fusion-content-layout-column\" style=\"background-position:left top;background-repeat:no-repeat;-webkit-background-size:cover;-moz-background-size:cover;-o-background-size:cover;background-size:cover;padding: 0px 0px 0px 0px;\">\t\t\t<form id=\"sib_signup_form_1\" method=\"post\" class=\"sib_signup_form\" action=\"\">\n\t\t\t\t<div class=\"sib_loader\" style=\"display:none;\"><img\n\t\t\t\t\t\t\tsrc=\"https:\/\/hrcycle.cz\/wp-includes\/images\/spinner.gif\" alt=\"loader\"><\/div>\n\t\t\t\t<input type=\"hidden\" name=\"sib_form_action\" value=\"subscribe_form_submit\">\n\t\t\t\t<input type=\"hidden\" name=\"sib_form_id\" value=\"1\">\n                <input type=\"hidden\" name=\"sib_form_alert_notice\" value=\"Pros\u00edm vypl\u0148te email\">\n                <input type=\"hidden\" name=\"sib_security\" value=\"9844b0dc37\">\n\t\t\t\t<div class=\"sib_signup_box_inside_1\">\n\t\t\t\t\t<div style=\"\/*display:none*\/\" class=\"sib_msg_disp\">\n\t\t\t\t\t<\/div>\n\t\t\t\t\t<p class=\"sib-email-area\">\r\n    E-mail address:\r\n    <input type=\"email\" class=\"sib-email-area\" name=\"email\" required=\"required\">\r\n<\/p>\r\n    <label class=\"sib-FIRSTNAME-area\">Your name:<\/label> \r\n    <input type=\"text\" class=\"sib-FIRSTNAME-area\" name=\"FIRSTNAME\"> \r\n<p>\r\n<p><\/p>\r\n    <input type=\"submit\" class=\"fusion-button button-flat fusion-button-default-size button-default button-1 fusion-button-default-span fusion-button-default-type\" value=\"Subscribe to Insider\">\r\n<\/p>\r\n\t\t\t\t<\/div>\n\t\t\t<input type=\"hidden\" name=\"trp-form-language\" value=\"en\"\/><\/form>\n\t\t\t<style>\n\t\t\t\tform#sib_signup_form_1 p.sib-alert-message {\n    padding: 6px 12px;\n    margin-bottom: 20px;\n    border: 1px solid transparent;\n    border-radius: 4px;\n    -webkit-box-sizing: border-box;\n    -moz-box-sizing: border-box;\n    box-sizing: border-box;\n}\nform#sib_signup_form_1 p.sib-alert-message-error {\n    background-color: #f2dede;\n    border-color: #ebccd1;\n    color: #a94442;\n}\nform#sib_signup_form_1 p.sib-alert-message-success {\n    background-color: #dff0d8;\n    border-color: #d6e9c6;\n    color: #3c763d;\n}\nform#sib_signup_form_1 p.sib-alert-message-warning {\n    background-color: #fcf8e3;\n    border-color: #faebcc;\n    color: #8a6d3b;\n}\n\t\t\t<\/style>\n\t\t\t<div class=\"fusion-text fusion-text-2\"><p>P\u0159ihl\u00e1\u0161en\u00edm k odb\u011bru se seznamujete a souhlas\u00edte s podm\u00ednkami <a href=\"https:\/\/hrcycle.cz\/en\/ochrana-osobnich-udaju\/\">GDPR<\/a>.<\/p>\n<\/div><\/div><style type=\"text\/css\">.fusion-body .fusion-builder-column-1{width:100% !important;margin-top : 20px;margin-bottom : 20px;}.fusion-builder-column-1 > .fusion-column-wrapper {padding-top : 0px !important;padding-right : 0px !important;margin-right : 1.92%;padding-bottom : 0px !important;padding-left : 0px !important;margin-left : 1.92%;}@media only screen and (max-width:1200px) {.fusion-body .fusion-builder-column-1{width:100% !important;order : 0;}.fusion-builder-column-1 > .fusion-column-wrapper {margin-right : 1.92%;margin-left : 1.92%;}}@media only screen and (max-width:640px) {.fusion-body .fusion-builder-column-1{width:100% !important;order : 0;}.fusion-builder-column-1 > .fusion-column-wrapper {margin-right : 1.92%;margin-left : 1.92%;}}<\/style><\/div><\/div><style type=\"text\/css\">.fusion-body .fusion-flex-container.fusion-builder-row-1{ padding-top : 0px;margin-top : 0px;padding-right : 0px;padding-bottom : 0px;margin-bottom : 0px;padding-left : 0px;}<\/style><\/div>","protected":false},"excerpt":{"rendered":"","protected":false},"author":1,"featured_media":0,"parent":0,"menu_order":0,"comment_status":"closed","ping_status":"closed","template":"100-width.php","meta":{"footnotes":""},"class_list":["post-42","page","type-page","status-publish","hentry"],"yoast_head":"<!-- This site is optimized with the Yoast SEO plugin v27.4 - https:\/\/yoast.com\/product\/yoast-seo-wordpress\/ -->\n<title>M\u011bs\u00ed\u010dn\u00ed Insider - HRCycle<\/title>\n<meta name=\"description\" content=\"Nenechte si uj\u00edt novinky ze sv\u011bta HR, podnik\u00e1n\u00ed a profesn\u00edho rozvoje. Odeb\u00edrejte m\u011bs\u00ed\u010dn\u00ed newsletter.\" \/>\n<meta name=\"robots\" content=\"index, follow, max-snippet:-1, max-image-preview:large, max-video-preview:-1\" \/>\n<link rel=\"canonical\" href=\"https:\/\/hrcycle.cz\/en\/newsletter\/\" \/>\n<meta property=\"og:locale\" content=\"en_US\" \/>\n<meta property=\"og:type\" content=\"article\" \/>\n<meta property=\"og:title\" content=\"M\u011bs\u00ed\u010dn\u00ed Insider - HRCycle\" \/>\n<meta property=\"og:description\" content=\"Nenechte si uj\u00edt novinky ze sv\u011bta HR, podnik\u00e1n\u00ed a profesn\u00edho rozvoje. Odeb\u00edrejte m\u011bs\u00ed\u010dn\u00ed newsletter.\" \/>\n<meta property=\"og:url\" content=\"https:\/\/hrcycle.cz\/en\/newsletter\/\" \/>\n<meta property=\"og:site_name\" content=\"HRCycle\" \/>\n<meta property=\"article:modified_time\" content=\"2023-05-20T18:15:21+00:00\" \/>\n<meta name=\"twitter:card\" content=\"summary_large_image\" \/>\n<meta name=\"twitter:label1\" content=\"Est. reading time\" \/>\n\t<meta name=\"twitter:data1\" content=\"2 minutes\" \/>\n<script type=\"application\/ld+json\" class=\"yoast-schema-graph\">{\"@context\":\"https:\\\/\\\/schema.org\",\"@graph\":[{\"@type\":\"WebPage\",\"@id\":\"https:\\\/\\\/hrcycle.cz\\\/newsletter\\\/\",\"url\":\"https:\\\/\\\/hrcycle.cz\\\/newsletter\\\/\",\"name\":\"M\u011bs\u00ed\u010dn\u00ed Insider - HRCycle\",\"isPartOf\":{\"@id\":\"https:\\\/\\\/hrcycle.cz\\\/#website\"},\"datePublished\":\"2020-08-20T17:50:18+00:00\",\"dateModified\":\"2023-05-20T18:15:21+00:00\",\"description\":\"Nenechte si uj\u00edt novinky ze sv\u011bta HR, podnik\u00e1n\u00ed a profesn\u00edho rozvoje. Odeb\u00edrejte m\u011bs\u00ed\u010dn\u00ed newsletter.\",\"breadcrumb\":{\"@id\":\"https:\\\/\\\/hrcycle.cz\\\/newsletter\\\/#breadcrumb\"},\"inLanguage\":\"en-US\",\"potentialAction\":[{\"@type\":\"ReadAction\",\"target\":[\"https:\\\/\\\/hrcycle.cz\\\/newsletter\\\/\"]}]},{\"@type\":\"BreadcrumbList\",\"@id\":\"https:\\\/\\\/hrcycle.cz\\\/newsletter\\\/#breadcrumb\",\"itemListElement\":[{\"@type\":\"ListItem\",\"position\":1,\"name\":\"Dom\u016f\",\"item\":\"https:\\\/\\\/hrcycle.cz\\\/\"},{\"@type\":\"ListItem\",\"position\":2,\"name\":\"M\u011bs\u00ed\u010dn\u00ed Insider\"}]},{\"@type\":\"WebSite\",\"@id\":\"https:\\\/\\\/hrcycle.cz\\\/#website\",\"url\":\"https:\\\/\\\/hrcycle.cz\\\/\",\"name\":\"HRCycle\",\"description\":\"HRCycle\",\"publisher\":{\"@id\":\"https:\\\/\\\/hrcycle.cz\\\/#organization\"},\"potentialAction\":[{\"@type\":\"SearchAction\",\"target\":{\"@type\":\"EntryPoint\",\"urlTemplate\":\"https:\\\/\\\/hrcycle.cz\\\/?s={search_term_string}\"},\"query-input\":{\"@type\":\"PropertyValueSpecification\",\"valueRequired\":true,\"valueName\":\"search_term_string\"}}],\"inLanguage\":\"en-US\"},{\"@type\":\"Organization\",\"@id\":\"https:\\\/\\\/hrcycle.cz\\\/#organization\",\"name\":\"HRCycle\",\"url\":\"https:\\\/\\\/hrcycle.cz\\\/\",\"logo\":{\"@type\":\"ImageObject\",\"inLanguage\":\"en-US\",\"@id\":\"https:\\\/\\\/hrcycle.cz\\\/#\\\/schema\\\/logo\\\/image\\\/\",\"url\":\"http:\\\/\\\/hrcycle.cz\\\/wp-content\\\/uploads\\\/2022\\\/09\\\/HR_Cycle_SVG.png\",\"contentUrl\":\"http:\\\/\\\/hrcycle.cz\\\/wp-content\\\/uploads\\\/2022\\\/09\\\/HR_Cycle_SVG.png\",\"width\":500,\"height\":281,\"caption\":\"HRCycle\"},\"image\":{\"@id\":\"https:\\\/\\\/hrcycle.cz\\\/#\\\/schema\\\/logo\\\/image\\\/\"}}]}<\/script>\n<!-- \/ Yoast SEO plugin. -->","yoast_head_json":{"title":"M\u011bs\u00ed\u010dn\u00ed Insider - HRCycle","description":"Nenechte si uj\u00edt novinky ze sv\u011bta HR, podnik\u00e1n\u00ed a profesn\u00edho rozvoje. Odeb\u00edrejte m\u011bs\u00ed\u010dn\u00ed newsletter.","robots":{"index":"index","follow":"follow","max-snippet":"max-snippet:-1","max-image-preview":"max-image-preview:large","max-video-preview":"max-video-preview:-1"},"canonical":"https:\/\/hrcycle.cz\/en\/newsletter\/","og_locale":"en_US","og_type":"article","og_title":"M\u011bs\u00ed\u010dn\u00ed Insider - HRCycle","og_description":"Nenechte si uj\u00edt novinky ze sv\u011bta HR, podnik\u00e1n\u00ed a profesn\u00edho rozvoje. Odeb\u00edrejte m\u011bs\u00ed\u010dn\u00ed newsletter.","og_url":"https:\/\/hrcycle.cz\/en\/newsletter\/","og_site_name":"HRCycle","article_modified_time":"2023-05-20T18:15:21+00:00","twitter_card":"summary_large_image","twitter_misc":{"Est. reading time":"2 minutes"},"schema":{"@context":"https:\/\/schema.org","@graph":[{"@type":"WebPage","@id":"https:\/\/hrcycle.cz\/newsletter\/","url":"https:\/\/hrcycle.cz\/newsletter\/","name":"M\u011bs\u00ed\u010dn\u00ed Insider - HRCycle","isPartOf":{"@id":"https:\/\/hrcycle.cz\/#website"},"datePublished":"2020-08-20T17:50:18+00:00","dateModified":"2023-05-20T18:15:21+00:00","description":"Nenechte si uj\u00edt novinky ze sv\u011bta HR, podnik\u00e1n\u00ed a profesn\u00edho rozvoje. Odeb\u00edrejte m\u011bs\u00ed\u010dn\u00ed newsletter.","breadcrumb":{"@id":"https:\/\/hrcycle.cz\/newsletter\/#breadcrumb"},"inLanguage":"en-US","potentialAction":[{"@type":"ReadAction","target":["https:\/\/hrcycle.cz\/newsletter\/"]}]},{"@type":"BreadcrumbList","@id":"https:\/\/hrcycle.cz\/newsletter\/#breadcrumb","itemListElement":[{"@type":"ListItem","position":1,"name":"Dom\u016f","item":"https:\/\/hrcycle.cz\/"},{"@type":"ListItem","position":2,"name":"M\u011bs\u00ed\u010dn\u00ed Insider"}]},{"@type":"WebSite","@id":"https:\/\/hrcycle.cz\/#website","url":"https:\/\/hrcycle.cz\/","name":"HRCycle","description":"HRCycle","publisher":{"@id":"https:\/\/hrcycle.cz\/#organization"},"potentialAction":[{"@type":"SearchAction","target":{"@type":"EntryPoint","urlTemplate":"https:\/\/hrcycle.cz\/?s={search_term_string}"},"query-input":{"@type":"PropertyValueSpecification","valueRequired":true,"valueName":"search_term_string"}}],"inLanguage":"en-US"},{"@type":"Organization","@id":"https:\/\/hrcycle.cz\/#organization","name":"HRCycle","url":"https:\/\/hrcycle.cz\/","logo":{"@type":"ImageObject","inLanguage":"en-US","@id":"https:\/\/hrcycle.cz\/#\/schema\/logo\/image\/","url":"http:\/\/hrcycle.cz\/wp-content\/uploads\/2022\/09\/HR_Cycle_SVG.png","contentUrl":"http:\/\/hrcycle.cz\/wp-content\/uploads\/2022\/09\/HR_Cycle_SVG.png","width":500,"height":281,"caption":"HRCycle"},"image":{"@id":"https:\/\/hrcycle.cz\/#\/schema\/logo\/image\/"}}]}},"_links":{"self":[{"href":"https:\/\/hrcycle.cz\/en\/wp-json\/wp\/v2\/pages\/42","targetHints":{"allow":["GET"]}}],"collection":[{"href":"https:\/\/hrcycle.cz\/en\/wp-json\/wp\/v2\/pages"}],"about":[{"href":"https:\/\/hrcycle.cz\/en\/wp-json\/wp\/v2\/types\/page"}],"author":[{"embeddable":true,"href":"https:\/\/hrcycle.cz\/en\/wp-json\/wp\/v2\/users\/1"}],"replies":[{"embeddable":true,"href":"https:\/\/hrcycle.cz\/en\/wp-json\/wp\/v2\/comments?post=42"}],"version-history":[{"count":97,"href":"https:\/\/hrcycle.cz\/en\/wp-json\/wp\/v2\/pages\/42\/revisions"}],"predecessor-version":[{"id":3732,"href":"https:\/\/hrcycle.cz\/en\/wp-json\/wp\/v2\/pages\/42\/revisions\/3732"}],"wp:attachment":[{"href":"https:\/\/hrcycle.cz\/en\/wp-json\/wp\/v2\/media?parent=42"}],"curies":[{"name":"wp","href":"https:\/\/api.w.org\/{rel}","templated":true}]}}